{"id":3775,"date":"2019-09-10T18:44:52","date_gmt":"2019-09-10T16:44:52","guid":{"rendered":"http:\/\/www.weisensoehne.de\/Web2019\/?page_id=3775"},"modified":"2019-09-25T10:23:45","modified_gmt":"2019-09-25T08:23:45","slug":"3775-2","status":"publish","type":"page","link":"https:\/\/www.weisensoehne.de\/?page_id=3775","title":{"rendered":"Unternehmen"},"content":{"rendered":"<p>[vc_row row_space=&#8220;remove_margin remove_padding remove_padding_col&#8220;][vc_column width=&#8220;5\/6&#8243;][vc_column_text]<\/p>\n<h2><strong>Unsere Oberfl\u00e4chen runden Ihr Produkt ab<\/strong><\/h2>\n<p>[\/vc_column_text][vc_column_text]In der Metalloberfl\u00e4chenveredlung seit Generationen aktiv, wissen wir genau, was f\u00fcr unsere Kunden wichtig ist. Dabei hat die Einhaltung der qualitativen Anforderungen an jede einzelne Oberfl\u00e4che oberste Priorit\u00e4t. Die Erfolgsgeschichte eines jeden Bauteils beginnt bereits bei der galvanisiergerechten Entwicklung und Konstruktion. Bereits in dieser Planungsphase beraten wir Sie gern. Mit einem breiten Spektrum an Zink-Oberfl\u00e4chen, aber auch mit Kupfer- und Nickel\u00fcberz\u00fcgen sowie diverser Zusatzbehandlungen stellen wir Ihnen eine breite Palette anforderungsgerechter Oberfl\u00e4chen zur Verf\u00fcgung &#8211; besonders wenn es um Korrosionsschutz geht.[\/vc_column_text][\/vc_column][vc_column width=&#8220;1\/6&#8243;][vc_single_image image=&#8220;3872&#8243; img_size=&#8220;200&#215;382&#8243; alignment=&#8220;right&#8220; onclick=&#8220;custom_link&#8220; link=&#8220;http:\/\/www.weisensoehne.de\/Upload\/Kiwa-zertifiziert-9001.pdf&#8220;][\/vc_column][\/vc_row][vc_row][vc_column][vc_cta h2=&#8220;Neu in unserem Portfolio:&#8220; h4=&#8220;Zink-Nickel-Schichten mit extrem hohem Korrosionsschutz und sehr guter thermischer Belastbarkeit!&#8220; shape=&#8220;square&#8220; style=&#8220;custom&#8220; add_button=&#8220;bottom&#8220; btn_title=&#8220;Jetzt Kontakt aufnehmen&#8230;&#8220; css=&#8220;.vc_custom_1569138831543{margin-top: -50px !important;background-color: #4194b2 !important;}&#8220; custom_background=&#8220;#4194b2&#8243; custom_text=&#8220;#ffffff&#8220; btn_link=&#8220;url:%3Fpage_id%3D610|title:Kontakt||&#8220;]<span style=\"color: #ffffff;\">Aufgrund der aktuellen gesetzlichen Vorschriften und der zunehmenden Nachfrage haben wir uns zudem auf <u>Chrom VI-freie Oberfl\u00e4chen<\/u> spezialisiert. Au\u00dferdem befinden sich Schwarz-Passivierungen derzeit in der Entwicklung.<\/span><\/p>\n<p><span style=\"color: #ffffff;\">Ob im Trommel- oder Gestellverfahren, mit kurzen Durchlaufzeiten und gewissenhaften Qualit\u00e4tskontrollen \u2013 testen Sie uns als Partner Ihres Produktionsprozesses!<\/span>[\/vc_cta][\/vc_column][\/vc_row]<\/p>\n","protected":false},"excerpt":{"rendered":"<p>[vc_row row_space=&#8220;remove_margin remove_padding remove_padding_col&#8220;][vc_column width=&#8220;5\/6&#8243;][vc_column_text] Unsere Oberfl\u00e4chen runden Ihr Produkt ab [\/vc_column_text][vc_column_text]In der Metalloberfl\u00e4chenveredlung seit Generationen aktiv, wissen wir genau, was f\u00fcr unsere Kunden wichtig ist. Dabei hat die Einhaltung der qualitativen Anforderungen an jede einzelne Oberfl\u00e4che oberste Priorit\u00e4t. Die Erfolgsgeschichte eines jeden Bauteils beginnt bereits bei der galvanisiergerechten Entwicklung und Konstruktion. Bereits in dieser [&hellip;]<\/p>\n","protected":false},"author":1,"featured_media":0,"parent":0,"menu_order":0,"comment_status":"closed","ping_status":"closed","template":"","meta":{"footnotes":""},"_links":{"self":[{"href":"https:\/\/www.weisensoehne.de\/index.php?rest_route=\/wp\/v2\/pages\/3775"}],"collection":[{"href":"https:\/\/www.weisensoehne.de\/index.php?rest_route=\/wp\/v2\/pages"}],"about":[{"href":"https:\/\/www.weisensoehne.de\/index.php?rest_route=\/wp\/v2\/types\/page"}],"author":[{"embeddable":true,"href":"https:\/\/www.weisensoehne.de\/index.php?rest_route=\/wp\/v2\/users\/1"}],"replies":[{"embeddable":true,"href":"https:\/\/www.weisensoehne.de\/index.php?rest_route=%2Fwp%2Fv2%2Fcomments&post=3775"}],"version-history":[{"count":12,"href":"https:\/\/www.weisensoehne.de\/index.php?rest_route=\/wp\/v2\/pages\/3775\/revisions"}],"predecessor-version":[{"id":4004,"href":"https:\/\/www.weisensoehne.de\/index.php?rest_route=\/wp\/v2\/pages\/3775\/revisions\/4004"}],"wp:attachment":[{"href":"https:\/\/www.weisensoehne.de\/index.php?rest_route=%2Fwp%2Fv2%2Fmedia&parent=3775"}],"curies":[{"name":"wp","href":"https:\/\/api.w.org\/{rel}","templated":true}]}}