{"id":3782,"date":"2019-09-10T18:46:58","date_gmt":"2019-09-10T16:46:58","guid":{"rendered":"http:\/\/www.weisensoehne.de\/Web2019\/?page_id=3782"},"modified":"2019-09-22T11:31:48","modified_gmt":"2019-09-22T09:31:48","slug":"zink","status":"publish","type":"page","link":"https:\/\/www.weisensoehne.de\/?page_id=3782","title":{"rendered":"Zink"},"content":{"rendered":"<p>[vc_row row_space=&#8220;remove_margin remove_padding remove_padding_col&#8220;][vc_column][vc_column_text css=&#8220;.vc_custom_1568215733338{margin-bottom: -50px !important;}&#8220;]<\/p>\n<h2>Zink \u2013 dauerhafter Korrosionsschutz<\/h2>\n<p>Teile aus den unterschiedlichsten Grundmaterialien wie z.B. Stahl, Messing, Stahl- oder Zinkdruckguss verzinken wir im Trommel- und Kleintrommelverfahren. Je nach Anforderung schwenkend oder rotierend. In sauren oder alkalischen Elektrolyten werden die Zinkschichten aufgebracht, gl\u00e4nzend oder matt &#8211; mit dem Ziel einer gleichm\u00e4\u00dfigen Schichtdickenverteilung.<\/p>\n<p>Durch verschiedene Nachbehandlungen wie Versiegelungen und Gleitbeschichtungen k\u00f6nnen noch bessere Korrosionsschutzergebnisse erzielt werden: zuverl\u00e4ssig und wirtschaftlich zugleich.<\/p>\n<p>Wir sind darauf spezialisiert, die Vorgaben der Beschlagindustrie einzuhalten und einzelne Werksnormen zu ber\u00fccksichtigen.[\/vc_column_text][\/vc_column][\/vc_row][vc_row][vc_column width=&#8220;1\/3&#8243;][vc_row_inner][vc_column_inner][vc_single_image image=&#8220;3905&#8243; style=&#8220;vc_box_border&#8220; onclick=&#8220;link_image&#8220;][\/vc_column_inner][\/vc_row_inner][\/vc_column][vc_column width=&#8220;1\/3&#8243;][vc_single_image image=&#8220;3904&#8243; style=&#8220;vc_box_border&#8220; onclick=&#8220;link_image&#8220;][\/vc_column][vc_column width=&#8220;1\/3&#8243;][vc_single_image image=&#8220;3903&#8243; style=&#8220;vc_box_border&#8220; onclick=&#8220;link_image&#8220;][\/vc_column][\/vc_row][vc_row css=&#8220;.vc_custom_1568216931029{margin-top: -100px !important;}&#8220;][vc_column][vc_text_separator title=&#8220;&#8220;][vc_column_text]<\/p>\n<table>\n<tbody>\n<tr>\n<th><u>Zink<\/u><\/th>\n<th><u>Chrom VI-freie Passivierungen<\/u><\/th>\n<\/tr>\n<tr>\n<th>Zink sauer<\/th>\n<th>transparent<\/th>\n<\/tr>\n<tr>\n<th>Zink alkalisch gl\u00e4nzend<\/th>\n<th>blau<\/th>\n<\/tr>\n<tr>\n<th>Zink alkalisch matt<\/th>\n<th>als Dickschicht mit Nanopartikeln<\/th>\n<\/tr>\n<\/tbody>\n<\/table>\n<p>[\/vc_column_text][\/vc_column][\/vc_row]<\/p>\n","protected":false},"excerpt":{"rendered":"<p>[vc_row row_space=&#8220;remove_margin remove_padding remove_padding_col&#8220;][vc_column][vc_column_text css=&#8220;.vc_custom_1568215733338{margin-bottom: -50px !important;}&#8220;] Zink \u2013 dauerhafter Korrosionsschutz Teile aus den unterschiedlichsten Grundmaterialien wie z.B. Stahl, Messing, Stahl- oder Zinkdruckguss verzinken wir im Trommel- und Kleintrommelverfahren. Je nach Anforderung schwenkend oder rotierend. In sauren oder alkalischen Elektrolyten werden die Zinkschichten aufgebracht, gl\u00e4nzend oder matt &#8211; mit dem Ziel einer gleichm\u00e4\u00dfigen Schichtdickenverteilung. Durch [&hellip;]<\/p>\n","protected":false},"author":1,"featured_media":0,"parent":0,"menu_order":0,"comment_status":"closed","ping_status":"closed","template":"","meta":{"footnotes":""},"_links":{"self":[{"href":"https:\/\/www.weisensoehne.de\/index.php?rest_route=\/wp\/v2\/pages\/3782"}],"collection":[{"href":"https:\/\/www.weisensoehne.de\/index.php?rest_route=\/wp\/v2\/pages"}],"about":[{"href":"https:\/\/www.weisensoehne.de\/index.php?rest_route=\/wp\/v2\/types\/page"}],"author":[{"embeddable":true,"href":"https:\/\/www.weisensoehne.de\/index.php?rest_route=\/wp\/v2\/users\/1"}],"replies":[{"embeddable":true,"href":"https:\/\/www.weisensoehne.de\/index.php?rest_route=%2Fwp%2Fv2%2Fcomments&post=3782"}],"version-history":[{"count":23,"href":"https:\/\/www.weisensoehne.de\/index.php?rest_route=\/wp\/v2\/pages\/3782\/revisions"}],"predecessor-version":[{"id":3980,"href":"https:\/\/www.weisensoehne.de\/index.php?rest_route=\/wp\/v2\/pages\/3782\/revisions\/3980"}],"wp:attachment":[{"href":"https:\/\/www.weisensoehne.de\/index.php?rest_route=%2Fwp%2Fv2%2Fmedia&parent=3782"}],"curies":[{"name":"wp","href":"https:\/\/api.w.org\/{rel}","templated":true}]}}