{"id":3794,"date":"2019-09-11T08:20:26","date_gmt":"2019-09-11T06:20:26","guid":{"rendered":"http:\/\/www.weisensoehne.de\/Web2019\/?page_id=3794"},"modified":"2019-09-25T10:22:59","modified_gmt":"2019-09-25T08:22:59","slug":"service","status":"publish","type":"page","link":"https:\/\/www.weisensoehne.de\/?page_id=3794","title":{"rendered":"Service"},"content":{"rendered":"<p>[vc_row row_space=&#8220;remove_margin remove_padding remove_padding_col&#8220;][vc_column][vc_column_text]<\/p>\n<h2>Service \u2013 ganze Leistung von Anfang an<\/h2>\n<p>Service bedeutet Flexibilit\u00e4t. Dabei geht es nicht nur darum, m\u00f6glichst schnell zu liefern. Mit dem gemeinsamen Ziel, ein optimales Produktionsergebnis zu erzielen, sehen wir uns zun\u00e4chst in der Beratung gefordert. Idealerweise bereits in der Phase der Planung und Konstruktion. Dann folgen Verfahrensempfehlungen, die Vermittlung von Normen und Vorschriften sowie die konkrete Produktions- und Kostenplanung. Auf die individuellen Anforderungen jedes einzelnen Produktes stellen wir uns mit bew\u00e4hrten Verfahrensweisen und innovativen L\u00f6sungen ein. In diesem gesamten Prozess erfahren Sie bei uns eine pers\u00f6nliche und kompetente Beratung mit konstanten Ansprechpartnern.[\/vc_column_text][\/vc_column][\/vc_row][vc_row row_space=&#8220;remove_margin remove_padding remove_padding_col&#8220;][vc_column width=&#8220;1\/3&#8243;][vc_single_image image=&#8220;3955&#8243; style=&#8220;vc_box_border&#8220; onclick=&#8220;link_image&#8220;][\/vc_column][vc_column width=&#8220;1\/3&#8243;][vc_single_image image=&#8220;3954&#8243; style=&#8220;vc_box_border&#8220; onclick=&#8220;link_image&#8220;][\/vc_column][vc_column width=&#8220;1\/3&#8243;][vc_single_image image=&#8220;3953&#8243; style=&#8220;vc_box_border&#8220; onclick=&#8220;link_image&#8220;][\/vc_column][\/vc_row][vc_row][vc_column][\/vc_column][\/vc_row]<\/p>\n","protected":false},"excerpt":{"rendered":"<p>[vc_row row_space=&#8220;remove_margin remove_padding remove_padding_col&#8220;][vc_column][vc_column_text] Service \u2013 ganze Leistung von Anfang an Service bedeutet Flexibilit\u00e4t. Dabei geht es nicht nur darum, m\u00f6glichst schnell zu liefern. Mit dem gemeinsamen Ziel, ein optimales Produktionsergebnis zu erzielen, sehen wir uns zun\u00e4chst in der Beratung gefordert. Idealerweise bereits in der Phase der Planung und Konstruktion. Dann folgen Verfahrensempfehlungen, die Vermittlung [&hellip;]<\/p>\n","protected":false},"author":1,"featured_media":0,"parent":0,"menu_order":0,"comment_status":"closed","ping_status":"closed","template":"","meta":{"footnotes":""},"_links":{"self":[{"href":"https:\/\/www.weisensoehne.de\/index.php?rest_route=\/wp\/v2\/pages\/3794"}],"collection":[{"href":"https:\/\/www.weisensoehne.de\/index.php?rest_route=\/wp\/v2\/pages"}],"about":[{"href":"https:\/\/www.weisensoehne.de\/index.php?rest_route=\/wp\/v2\/types\/page"}],"author":[{"embeddable":true,"href":"https:\/\/www.weisensoehne.de\/index.php?rest_route=\/wp\/v2\/users\/1"}],"replies":[{"embeddable":true,"href":"https:\/\/www.weisensoehne.de\/index.php?rest_route=%2Fwp%2Fv2%2Fcomments&post=3794"}],"version-history":[{"count":3,"href":"https:\/\/www.weisensoehne.de\/index.php?rest_route=\/wp\/v2\/pages\/3794\/revisions"}],"predecessor-version":[{"id":3958,"href":"https:\/\/www.weisensoehne.de\/index.php?rest_route=\/wp\/v2\/pages\/3794\/revisions\/3958"}],"wp:attachment":[{"href":"https:\/\/www.weisensoehne.de\/index.php?rest_route=%2Fwp%2Fv2%2Fmedia&parent=3794"}],"curies":[{"name":"wp","href":"https:\/\/api.w.org\/{rel}","templated":true}]}}