{"id":3841,"date":"2019-09-12T08:41:43","date_gmt":"2019-09-12T06:41:43","guid":{"rendered":"http:\/\/www.weisensoehne.de\/Web2019\/?page_id=3841"},"modified":"2019-09-23T22:53:59","modified_gmt":"2019-09-23T20:53:59","slug":"chrom-vi-frei","status":"publish","type":"page","link":"https:\/\/www.weisensoehne.de\/?page_id=3841","title":{"rendered":"Chrom VI-frei"},"content":{"rendered":"<p>[vc_row content_placement=&#8220;top&#8220; row_space=&#8220;remove_margin remove_padding remove_padding_col&#8220;][vc_column][vc_column_text]<\/p>\n<h2>Chrom VI-frei \u2013 mit dem richtigen Verfahren auf der sicheren Seite<\/h2>\n<p><strong>\u00a0<\/strong>Die Elektroindustrie forderte bereits ab Mitte 2006, die Automobilindustrie ab Mitte 2007 bisher verwendete Chrom VI-haltige Oberfl\u00e4chenverfahren zu ersetzen. Die sechswertigen Chromverbindungen gelten als akut giftig sowie als Allergien ausl\u00f6send und krebserregend. Mit unserem Leistungsspektrum haben wir uns bereits auf die neuen Anforderungen der Automobilindustrie sowie der EU-Richtlinien eingestellt. Und dies ohne auf notwendige Eigenschaften wie Korrosionsschutz und Temperaturbest\u00e4ndigkeit verzichten zu m\u00fcssen. Beispielsweise bietet die Dickschicht-Passivierung eine echte Alternative f\u00fcr den mittleren Korrosionsschutz. <u>Zusatzbehandlungen\u00a0<\/u>wie Versiegelungen tragen zur Einhaltung h\u00f6herer Korrosionsschutz-Anforderungen bei.[\/vc_column_text][\/vc_column][\/vc_row][vc_row row_space=&#8220;remove_margin remove_padding remove_padding_col&#8220;][vc_column width=&#8220;1\/3&#8243;][vc_single_image image=&#8220;3889&#8243; style=&#8220;vc_box_border&#8220; onclick=&#8220;link_image&#8220;][\/vc_column][vc_column width=&#8220;1\/3&#8243;][vc_single_image image=&#8220;3888&#8243; style=&#8220;vc_box_border&#8220; onclick=&#8220;link_image&#8220;][\/vc_column][vc_column width=&#8220;1\/3&#8243;][vc_single_image image=&#8220;3887&#8243; style=&#8220;vc_box_border&#8220; onclick=&#8220;link_image&#8220;][\/vc_column][\/vc_row][vc_row][vc_column][vc_text_separator title=&#8220;&#8220;][vc_column_text]<\/p>\n<table>\n<tbody>\n<tr>\n<th><u>Chrom VI-freie Passivierungen <\/u><\/th>\n<\/tr>\n<tr>\n<th>transparent<\/th>\n<\/tr>\n<tr>\n<th>blau<\/th>\n<\/tr>\n<tr>\n<th>als Dickschicht<\/th>\n<\/tr>\n<tr>\n<th>mit Nanopartikeln<\/th>\n<\/tr>\n<\/tbody>\n<\/table>\n<p>[\/vc_column_text][\/vc_column][\/vc_row][vc_row][vc_column][\/vc_column][\/vc_row]<\/p>\n","protected":false},"excerpt":{"rendered":"<p>[vc_row content_placement=&#8220;top&#8220; row_space=&#8220;remove_margin remove_padding remove_padding_col&#8220;][vc_column][vc_column_text] Chrom VI-frei \u2013 mit dem richtigen Verfahren auf der sicheren Seite \u00a0Die Elektroindustrie forderte bereits ab Mitte 2006, die Automobilindustrie ab Mitte 2007 bisher verwendete Chrom VI-haltige Oberfl\u00e4chenverfahren zu ersetzen. Die sechswertigen Chromverbindungen gelten als akut giftig sowie als Allergien ausl\u00f6send und krebserregend. Mit unserem Leistungsspektrum haben wir uns bereits [&hellip;]<\/p>\n","protected":false},"author":1,"featured_media":0,"parent":0,"menu_order":0,"comment_status":"closed","ping_status":"closed","template":"","meta":{"footnotes":""},"_links":{"self":[{"href":"https:\/\/www.weisensoehne.de\/index.php?rest_route=\/wp\/v2\/pages\/3841"}],"collection":[{"href":"https:\/\/www.weisensoehne.de\/index.php?rest_route=\/wp\/v2\/pages"}],"about":[{"href":"https:\/\/www.weisensoehne.de\/index.php?rest_route=\/wp\/v2\/types\/page"}],"author":[{"embeddable":true,"href":"https:\/\/www.weisensoehne.de\/index.php?rest_route=\/wp\/v2\/users\/1"}],"replies":[{"embeddable":true,"href":"https:\/\/www.weisensoehne.de\/index.php?rest_route=%2Fwp%2Fv2%2Fcomments&post=3841"}],"version-history":[{"count":14,"href":"https:\/\/www.weisensoehne.de\/index.php?rest_route=\/wp\/v2\/pages\/3841\/revisions"}],"predecessor-version":[{"id":3999,"href":"https:\/\/www.weisensoehne.de\/index.php?rest_route=\/wp\/v2\/pages\/3841\/revisions\/3999"}],"wp:attachment":[{"href":"https:\/\/www.weisensoehne.de\/index.php?rest_route=%2Fwp%2Fv2%2Fmedia&parent=3841"}],"curies":[{"name":"wp","href":"https:\/\/api.w.org\/{rel}","templated":true}]}}