{"id":3849,"date":"2019-09-12T08:52:45","date_gmt":"2019-09-12T06:52:45","guid":{"rendered":"http:\/\/www.weisensoehne.de\/Web2019\/?page_id=3849"},"modified":"2019-09-23T22:55:55","modified_gmt":"2019-09-23T20:55:55","slug":"kupfer","status":"publish","type":"page","link":"https:\/\/www.weisensoehne.de\/?page_id=3849","title":{"rendered":"Kupfer"},"content":{"rendered":"<p>[vc_row row_space=&#8220;remove_margin remove_padding remove_padding_col&#8220;][vc_column][vc_column_text]<\/p>\n<h2>Kupfer \u2013 die verbindende Oberfl\u00e4che<\/h2>\n<p>Die besondere Bedeutung von Kupfer besteht in seiner Funktion als Haft- und Korrosionsschutz-Schicht. Dies ist nicht zuletzt auf seine sehr gute elektrische Leitf\u00e4higkeit und Duktilit\u00e4t zur\u00fcck zu f\u00fchren. Zudem ist Kupfer sehr gut l\u00f6tbar &#8211;\u00a0ein wichtiger Aspekt f\u00fcr den Montagebereich. Als Endschicht besitzt Kupfer allerdings den Nachteil, dass es in Verbindung mit Luft schnell anl\u00e4uft und daher zus\u00e4tzlich behandelt werden muss.<\/p>\n<p>Ein typischer Anwendungsbereich f\u00fcr Kupfer ist die Beschichtung von Stahlteilen, die vor dem Vernickeln unterkupfert werden.[\/vc_column_text][\/vc_column][\/vc_row][vc_row row_space=&#8220;remove_margin remove_padding remove_padding_col&#8220;][vc_column width=&#8220;1\/3&#8243;][vc_single_image image=&#8220;3900&#8243; style=&#8220;vc_box_border&#8220; onclick=&#8220;link_image&#8220;][\/vc_column][vc_column width=&#8220;1\/3&#8243;][vc_single_image image=&#8220;3899&#8243; style=&#8220;vc_box_border&#8220;][\/vc_column][vc_column width=&#8220;1\/3&#8243;][\/vc_column][\/vc_row][vc_row][vc_column][vc_text_separator title=&#8220;&#8220;][vc_column_text]<\/p>\n<table>\n<tbody>\n<tr>\n<th><u>Kupfer<\/u><\/th>\n<\/tr>\n<tr>\n<th>Gestellverfahren<\/th>\n<\/tr>\n<tr>\n<th>Kleintrommelverfahren<\/th>\n<\/tr>\n<\/tbody>\n<\/table>\n<p>[\/vc_column_text][\/vc_column][\/vc_row]<\/p>\n","protected":false},"excerpt":{"rendered":"<p>[vc_row row_space=&#8220;remove_margin remove_padding remove_padding_col&#8220;][vc_column][vc_column_text] Kupfer \u2013 die verbindende Oberfl\u00e4che Die besondere Bedeutung von Kupfer besteht in seiner Funktion als Haft- und Korrosionsschutz-Schicht. Dies ist nicht zuletzt auf seine sehr gute elektrische Leitf\u00e4higkeit und Duktilit\u00e4t zur\u00fcck zu f\u00fchren. Zudem ist Kupfer sehr gut l\u00f6tbar &#8211;\u00a0ein wichtiger Aspekt f\u00fcr den Montagebereich. Als Endschicht besitzt Kupfer allerdings den [&hellip;]<\/p>\n","protected":false},"author":1,"featured_media":0,"parent":0,"menu_order":0,"comment_status":"closed","ping_status":"closed","template":"","meta":{"footnotes":""},"_links":{"self":[{"href":"https:\/\/www.weisensoehne.de\/index.php?rest_route=\/wp\/v2\/pages\/3849"}],"collection":[{"href":"https:\/\/www.weisensoehne.de\/index.php?rest_route=\/wp\/v2\/pages"}],"about":[{"href":"https:\/\/www.weisensoehne.de\/index.php?rest_route=\/wp\/v2\/types\/page"}],"author":[{"embeddable":true,"href":"https:\/\/www.weisensoehne.de\/index.php?rest_route=\/wp\/v2\/users\/1"}],"replies":[{"embeddable":true,"href":"https:\/\/www.weisensoehne.de\/index.php?rest_route=%2Fwp%2Fv2%2Fcomments&post=3849"}],"version-history":[{"count":4,"href":"https:\/\/www.weisensoehne.de\/index.php?rest_route=\/wp\/v2\/pages\/3849\/revisions"}],"predecessor-version":[{"id":3983,"href":"https:\/\/www.weisensoehne.de\/index.php?rest_route=\/wp\/v2\/pages\/3849\/revisions\/3983"}],"wp:attachment":[{"href":"https:\/\/www.weisensoehne.de\/index.php?rest_route=%2Fwp%2Fv2%2Fmedia&parent=3849"}],"curies":[{"name":"wp","href":"https:\/\/api.w.org\/{rel}","templated":true}]}}