{"id":3855,"date":"2019-09-12T08:55:50","date_gmt":"2019-09-12T06:55:50","guid":{"rendered":"http:\/\/www.weisensoehne.de\/Web2019\/?page_id=3855"},"modified":"2019-11-01T18:07:20","modified_gmt":"2019-11-01T17:07:20","slug":"zusatz-behandlung","status":"publish","type":"page","link":"https:\/\/www.weisensoehne.de\/?page_id=3855","title":{"rendered":"Zusatz-Behandlungen"},"content":{"rendered":"<p>[vc_row row_space=&#8220;remove_margin remove_padding remove_padding_col&#8220;][vc_column][vc_column_text]<\/p>\n<h2>Zusatz-Behandlungen \u2013 zur Optimierung von Produktionsergebnissen<\/h2>\n<p>Die richtigen Vorbehandlungen sind oft entscheidend f\u00fcr das Oberfl\u00e4chenergebnis. Ein bereits por\u00f6ses oder unebenes Ausgangsmaterial kann in der Beschichtung nur schwerlich ausgeglichen werden. Ebenso ist eine optimale Haftung der Schichten auf fettigen Teilen nicht unbedingt garantiert.<\/p>\n<p>In der Nachbehandlung tragen zur Verbesserung des Korrosionsschutzes sowie zur Einhaltung von Reibbeiwerten spezielle Versiegelungen bei.\u00a0Diesem Verfahren kommt besonders bei <u>Chrom VI-freien Oberfl\u00e4chen\u00a0<\/u>eine besondere Bedeutung zu. Welche Verfahren sinnvoll oder empfehlenswert sind, h\u00e4ngt nicht zuletzt von dem zu veredelnden Teil ab. Sprechen Sie uns an. Wir beraten Sie gern bereits in der Entwicklungsphase oder anhand von fertigen Musterteilen.[\/vc_column_text][\/vc_column][\/vc_row][vc_row row_space=&#8220;remove_margin remove_padding remove_padding_col&#8220;][vc_column width=&#8220;1\/3&#8243;][vc_single_image image=&#8220;3948&#8243; style=&#8220;vc_box_border&#8220; onclick=&#8220;link_image&#8220;][\/vc_column][vc_column width=&#8220;1\/3&#8243;][vc_single_image image=&#8220;3947&#8243; style=&#8220;vc_box_border&#8220; onclick=&#8220;link_image&#8220;][\/vc_column][vc_column width=&#8220;1\/3&#8243;][vc_single_image image=&#8220;3946&#8243; style=&#8220;vc_box_border&#8220; onclick=&#8220;link_image&#8220;][\/vc_column][\/vc_row][vc_row][vc_column][vc_text_separator title=&#8220;&#8220;][vc_column_text]<\/p>\n<table>\n<tbody>\n<tr>\n<th><u>Vorbehandlungen<\/u><\/th>\n<th><u>Nachbehandlungen<\/u><\/th>\n<\/tr>\n<tr>\n<th>Entfetten<\/th>\n<th>Versiegelungen<\/th>\n<\/tr>\n<tr>\n<th>Entzundern<\/th>\n<th>Gleitbeschichtungen<\/th>\n<\/tr>\n<tr>\n<th>Beizen<\/th>\n<th>Thermische Nachbehandlungen<\/th>\n<\/tr>\n<\/tbody>\n<\/table>\n<p>[\/vc_column_text][\/vc_column][\/vc_row]<\/p>\n","protected":false},"excerpt":{"rendered":"<p>[vc_row row_space=&#8220;remove_margin remove_padding remove_padding_col&#8220;][vc_column][vc_column_text] Zusatz-Behandlungen \u2013 zur Optimierung von Produktionsergebnissen Die richtigen Vorbehandlungen sind oft entscheidend f\u00fcr das Oberfl\u00e4chenergebnis. Ein bereits por\u00f6ses oder unebenes Ausgangsmaterial kann in der Beschichtung nur schwerlich ausgeglichen werden. Ebenso ist eine optimale Haftung der Schichten auf fettigen Teilen nicht unbedingt garantiert. In der Nachbehandlung tragen zur Verbesserung des Korrosionsschutzes sowie [&hellip;]<\/p>\n","protected":false},"author":1,"featured_media":0,"parent":0,"menu_order":0,"comment_status":"closed","ping_status":"closed","template":"","meta":{"footnotes":""},"_links":{"self":[{"href":"https:\/\/www.weisensoehne.de\/index.php?rest_route=\/wp\/v2\/pages\/3855"}],"collection":[{"href":"https:\/\/www.weisensoehne.de\/index.php?rest_route=\/wp\/v2\/pages"}],"about":[{"href":"https:\/\/www.weisensoehne.de\/index.php?rest_route=\/wp\/v2\/types\/page"}],"author":[{"embeddable":true,"href":"https:\/\/www.weisensoehne.de\/index.php?rest_route=\/wp\/v2\/users\/1"}],"replies":[{"embeddable":true,"href":"https:\/\/www.weisensoehne.de\/index.php?rest_route=%2Fwp%2Fv2%2Fcomments&post=3855"}],"version-history":[{"count":7,"href":"https:\/\/www.weisensoehne.de\/index.php?rest_route=\/wp\/v2\/pages\/3855\/revisions"}],"predecessor-version":[{"id":4006,"href":"https:\/\/www.weisensoehne.de\/index.php?rest_route=\/wp\/v2\/pages\/3855\/revisions\/4006"}],"wp:attachment":[{"href":"https:\/\/www.weisensoehne.de\/index.php?rest_route=%2Fwp%2Fv2%2Fmedia&parent=3855"}],"curies":[{"name":"wp","href":"https:\/\/api.w.org\/{rel}","templated":true}]}}