{"id":3857,"date":"2019-09-12T08:56:36","date_gmt":"2019-09-12T06:56:36","guid":{"rendered":"http:\/\/www.weisensoehne.de\/Web2019\/?page_id=3857"},"modified":"2019-09-25T10:23:22","modified_gmt":"2019-09-25T08:23:22","slug":"testverfahren","status":"publish","type":"page","link":"https:\/\/www.weisensoehne.de\/?page_id=3857","title":{"rendered":"Testverfahren"},"content":{"rendered":"<p>[vc_row row_space=&#8220;remove_margin remove_padding remove_padding_col&#8220;][vc_column][vc_column_text]<\/p>\n<h2>Testverfahren \u2013 Sicherung der Oberfl\u00e4chenqualit\u00e4t<\/h2>\n<p>Als langj\u00e4hriger Produktionspartner u.a. von Unternehmen der Automobilzulieferer- und Baubeschlag-Industrie sind wir auf die strikte Einhaltung von Standards eingestellt. In unserem hauseigenen Labor f\u00fchren wir alle notwendigen Tests unter Dokumentation der jeweiligen Ergebnisse durch. Dies ist Bestandteil unseres Qualit\u00e4tsmanagements sowie unseres Bestrebens, Qualit\u00e4tsstandards verl\u00e4sslich einzuhalten und Abl\u00e4ufe sowie Produktionsergebnisse kontinuierlich zu verbessern.[\/vc_column_text][\/vc_column][\/vc_row][vc_row row_space=&#8220;remove_margin remove_padding remove_padding_col&#8220;][vc_column width=&#8220;1\/3&#8243;][vc_single_image image=&#8220;3961&#8243; style=&#8220;vc_box_border&#8220; onclick=&#8220;link_image&#8220;][\/vc_column][vc_column width=&#8220;1\/3&#8243;][vc_single_image image=&#8220;3960&#8243; style=&#8220;vc_box_border&#8220; onclick=&#8220;link_image&#8220;][\/vc_column][vc_column width=&#8220;1\/3&#8243;][vc_single_image image=&#8220;3959&#8243; style=&#8220;vc_box_border&#8220; onclick=&#8220;link_image&#8220;][\/vc_column][\/vc_row][vc_row][vc_column][vc_text_separator title=&#8220;&#8220;][vc_column_text]<\/p>\n<table>\n<tbody>\n<tr>\n<th><u>Testverfahren<\/u><\/th>\n<\/tr>\n<tr>\n<th>Schichtdickenbestimmungen DIN EN ISO 3497 R\u00f6ntgenfluoreszenz<\/th>\n<\/tr>\n<tr>\n<th>Korrosionstests DIN EN ISO 9227<\/th>\n<\/tr>\n<tr>\n<th>Schichtdicken EN ISO 1463 Querschliff<\/th>\n<\/tr>\n<\/tbody>\n<\/table>\n<p>[\/vc_column_text][\/vc_column][\/vc_row]<\/p>\n","protected":false},"excerpt":{"rendered":"<p>[vc_row row_space=&#8220;remove_margin remove_padding remove_padding_col&#8220;][vc_column][vc_column_text] Testverfahren \u2013 Sicherung der Oberfl\u00e4chenqualit\u00e4t Als langj\u00e4hriger Produktionspartner u.a. von Unternehmen der Automobilzulieferer- und Baubeschlag-Industrie sind wir auf die strikte Einhaltung von Standards eingestellt. In unserem hauseigenen Labor f\u00fchren wir alle notwendigen Tests unter Dokumentation der jeweiligen Ergebnisse durch. Dies ist Bestandteil unseres Qualit\u00e4tsmanagements sowie unseres Bestrebens, Qualit\u00e4tsstandards verl\u00e4sslich einzuhalten und [&hellip;]<\/p>\n","protected":false},"author":1,"featured_media":0,"parent":0,"menu_order":0,"comment_status":"closed","ping_status":"closed","template":"","meta":{"footnotes":""},"_links":{"self":[{"href":"https:\/\/www.weisensoehne.de\/index.php?rest_route=\/wp\/v2\/pages\/3857"}],"collection":[{"href":"https:\/\/www.weisensoehne.de\/index.php?rest_route=\/wp\/v2\/pages"}],"about":[{"href":"https:\/\/www.weisensoehne.de\/index.php?rest_route=\/wp\/v2\/types\/page"}],"author":[{"embeddable":true,"href":"https:\/\/www.weisensoehne.de\/index.php?rest_route=\/wp\/v2\/users\/1"}],"replies":[{"embeddable":true,"href":"https:\/\/www.weisensoehne.de\/index.php?rest_route=%2Fwp%2Fv2%2Fcomments&post=3857"}],"version-history":[{"count":4,"href":"https:\/\/www.weisensoehne.de\/index.php?rest_route=\/wp\/v2\/pages\/3857\/revisions"}],"predecessor-version":[{"id":3985,"href":"https:\/\/www.weisensoehne.de\/index.php?rest_route=\/wp\/v2\/pages\/3857\/revisions\/3985"}],"wp:attachment":[{"href":"https:\/\/www.weisensoehne.de\/index.php?rest_route=%2Fwp%2Fv2%2Fmedia&parent=3857"}],"curies":[{"name":"wp","href":"https:\/\/api.w.org\/{rel}","templated":true}]}}